{"id":289,"date":"2022-10-06T09:38:08","date_gmt":"2022-10-06T07:38:08","guid":{"rendered":"https:\/\/duempelfeldpartners.com\/?page_id=289"},"modified":"2024-01-31T15:37:24","modified_gmt":"2024-01-31T14:37:24","slug":"impressum","status":"publish","type":"page","link":"https:\/\/xn--einkaufsberatung-dsseldorf-g0c.de\/en\/impressum\/","title":{"rendered":"Imprint"},"content":{"rendered":"<div data-elementor-type=\"wp-page\" data-elementor-id=\"289\" class=\"elementor elementor-289\">\n\t\t\t\t\t\t<div class=\"elementor-inner\">\n\t\t\t\t<div class=\"elementor-section-wrap\">\n\t\t\t\t\t\t\t\t\t<section class=\"elementor-section elementor-top-section elementor-element elementor-element-b1874e1 elementor-section-boxed elementor-section-height-default elementor-section-height-default\" data-id=\"b1874e1\" data-element_type=\"section\" data-settings=\"{&quot;background_background&quot;:&quot;classic&quot;,&quot;jet_parallax_layout_list&quot;:[]}\">\n\t\t\t\t\t\t\t<div class=\"elementor-background-overlay\"><\/div>\n\t\t\t\t\t\t\t<div class=\"elementor-container elementor-column-gap-default\">\n\t\t\t\t\t\t\t<div class=\"elementor-row\">\n\t\t\t\t\t<div class=\"elementor-column elementor-col-100 elementor-top-column elementor-element elementor-element-074af11\" data-id=\"074af11\" data-element_type=\"column\">\n\t\t\t<div class=\"elementor-column-wrap elementor-element-populated\">\n\t\t\t\t\t\t\t<div class=\"elementor-widget-wrap\">\n\t\t\t\t\t\t<div class=\"elementor-element elementor-element-3298d10 elementor-icon-list--layout-inline elementor-mobile-align-center elementor-list-item-link-full_width elementor-widget elementor-widget-icon-list\" data-id=\"3298d10\" data-element_type=\"widget\" data-widget_type=\"icon-list.default\">\n\t\t\t\t<div class=\"elementor-widget-container\">\n\t\t\t\t\t<ul class=\"elementor-icon-list-items elementor-inline-items\">\n\t\t\t\t\t\t\t<li class=\"elementor-icon-list-item elementor-inline-item\">\n\t\t\t\t\t\t\t\t\t\t<span class=\"elementor-icon-list-text\"><\/span>\n\t\t\t\t\t\t\t\t\t<\/li>\n\t\t\t\t\t\t<\/ul>\n\t\t\t\t<\/div>\n\t\t\t\t<\/div>\n\t\t\t\t<div class=\"elementor-element elementor-element-108d4c4 elementor-invisible elementor-widget elementor-widget-heading\" data-id=\"108d4c4\" data-element_type=\"widget\" data-settings=\"{&quot;_animation&quot;:&quot;fadeInUp&quot;}\" data-widget_type=\"heading.default\">\n\t\t\t\t<div class=\"elementor-widget-container\">\n\t\t\t<h1 class=\"elementor-heading-title elementor-size-default\">Legal<\/h1>\t\t<\/div>\n\t\t\t\t<\/div>\n\t\t\t\t<div class=\"elementor-element elementor-element-b15ef52 elementor-widget-divider--view-line elementor-invisible elementor-widget elementor-widget-divider\" data-id=\"b15ef52\" data-element_type=\"widget\" data-settings=\"{&quot;_animation&quot;:&quot;fadeInUp&quot;}\" data-widget_type=\"divider.default\">\n\t\t\t\t<div class=\"elementor-widget-container\">\n\t\t\t\t\t<div class=\"elementor-divider\">\n\t\t\t<span class=\"elementor-divider-separator\">\n\t\t\t\t\t\t<\/span>\n\t\t<\/div>\n\t\t\t\t<\/div>\n\t\t\t\t<\/div>\n\t\t\t\t\t\t<\/div>\n\t\t\t\t\t<\/div>\n\t\t<\/div>\n\t\t\t\t\t\t\t\t<\/div>\n\t\t\t\t\t<\/div>\n\t\t<\/section>\n\t\t\t\t<section class=\"elementor-section elementor-top-section elementor-element elementor-element-84b49d8 elementor-section-full_width elementor-section-height-default elementor-section-height-default\" data-id=\"84b49d8\" data-element_type=\"section\" data-settings=\"{&quot;jet_parallax_layout_list&quot;:[]}\">\n\t\t\t\t\t\t<div class=\"elementor-container elementor-column-gap-default\">\n\t\t\t\t\t\t\t<div class=\"elementor-row\">\n\t\t\t\t\t<div class=\"elementor-column elementor-col-100 elementor-top-column elementor-element elementor-element-b11465b elementor-invisible\" data-id=\"b11465b\" data-element_type=\"column\" data-settings=\"{&quot;animation&quot;:&quot;fadeInLeft&quot;}\">\n\t\t\t<div class=\"elementor-column-wrap elementor-element-populated\">\n\t\t\t\t\t\t\t<div class=\"elementor-widget-wrap\">\n\t\t\t\t\t\t<div class=\"elementor-element elementor-element-e6dc0e0 elementor-widget elementor-widget-breadcrumbs\" data-id=\"e6dc0e0\" data-element_type=\"widget\" data-widget_type=\"breadcrumbs.default\">\n\t\t\t\t<div class=\"elementor-widget-container\">\n\t\t\t<p id=\"breadcrumbs\"><span><span><a href=\"https:\/\/xn--einkaufsberatung-dsseldorf-g0c.de\/en\/\">Home<\/a><\/span><\/p>\t\t<\/div>\n\t\t\t\t<\/div>\n\t\t\t\t\t\t<\/div>\n\t\t\t\t\t<\/div>\n\t\t<\/div>\n\t\t\t\t\t\t\t\t<\/div>\n\t\t\t\t\t<\/div>\n\t\t<\/section>\n\t\t\t\t<section class=\"elementor-section elementor-top-section elementor-element elementor-element-3c4cb1c elementor-section-boxed elementor-section-height-default elementor-section-height-default\" data-id=\"3c4cb1c\" data-element_type=\"section\" data-settings=\"{&quot;jet_parallax_layout_list&quot;:[]}\">\n\t\t\t\t\t\t<div class=\"elementor-container elementor-column-gap-default\">\n\t\t\t\t\t\t\t<div class=\"elementor-row\">\n\t\t\t\t\t<div class=\"elementor-column elementor-col-100 elementor-top-column elementor-element elementor-element-5d2cd5d\" data-id=\"5d2cd5d\" data-element_type=\"column\">\n\t\t\t<div class=\"elementor-column-wrap elementor-element-populated\">\n\t\t\t\t\t\t\t<div class=\"elementor-widget-wrap\">\n\t\t\t\t\t\t<section class=\"elementor-section elementor-inner-section elementor-element elementor-element-ff2963c elementor-section-full_width elementor-section-height-default elementor-section-height-default\" data-id=\"ff2963c\" data-element_type=\"section\" data-settings=\"{&quot;jet_parallax_layout_list&quot;:[]}\">\n\t\t\t\t\t\t<div class=\"elementor-container elementor-column-gap-default\">\n\t\t\t\t\t\t\t<div class=\"elementor-row\">\n\t\t\t\t\t<div class=\"elementor-column elementor-col-100 elementor-inner-column elementor-element elementor-element-b597743\" data-id=\"b597743\" data-element_type=\"column\">\n\t\t\t<div class=\"elementor-column-wrap elementor-element-populated\">\n\t\t\t\t\t\t\t<div class=\"elementor-widget-wrap\">\n\t\t\t\t\t\t<div class=\"elementor-element elementor-element-d3d49d8 elementor-invisible elementor-widget elementor-widget-heading\" data-id=\"d3d49d8\" data-element_type=\"widget\" data-settings=\"{&quot;_animation&quot;:&quot;fadeInUp&quot;}\" data-widget_type=\"heading.default\">\n\t\t\t\t<div class=\"elementor-widget-container\">\n\t\t\t<h6 class=\"elementor-heading-title elementor-size-default\">Legal references<\/h6>\t\t<\/div>\n\t\t\t\t<\/div>\n\t\t\t\t<div class=\"elementor-element elementor-element-3987a79 elementor-invisible elementor-widget elementor-widget-heading\" data-id=\"3987a79\" data-element_type=\"widget\" data-settings=\"{&quot;_animation&quot;:&quot;fadeInUp&quot;}\" data-widget_type=\"heading.default\">\n\t\t\t\t<div class=\"elementor-widget-container\">\n\t\t\t<h2 class=\"elementor-heading-title elementor-size-default\">D\u00fcmpelfeld &amp; Partners GmbH<\/h2>\t\t<\/div>\n\t\t\t\t<\/div>\n\t\t\t\t\t\t<\/div>\n\t\t\t\t\t<\/div>\n\t\t<\/div>\n\t\t\t\t\t\t\t\t<\/div>\n\t\t\t\t\t<\/div>\n\t\t<\/section>\n\t\t\t\t<div class=\"elementor-element elementor-element-23f4e18 elementor-invisible elementor-widget elementor-widget-text-editor\" data-id=\"23f4e18\" data-element_type=\"widget\" data-settings=\"{&quot;_animation&quot;:&quot;fadeInUp&quot;}\" data-widget_type=\"text-editor.default\">\n\t\t\t\t<div class=\"elementor-widget-container\">\n\t\t\t\t\t\t\t\t<div class=\"elementor-text-editor elementor-clearfix\">\n\t\t\t\t<p>Niederrheinstra\u00dfe 147<br \/>40474 D\u00fcsseldorf<\/p><p>Phone: +49 (0) 211 83 86 7900<\/p><p>E-Mail: office@duempelfeldpartners.com<br \/>Intenet: www.duempelfeldpartners.com<\/p><p>Amtsgericht D\u00fcsseldorf: HRB 99185<br \/>USt. ID-Nr.: DE358060218<br \/>Finanzamt: D\u00fcsseldorf<br \/>Gesch\u00e4ftsf\u00fchrer: Dr. Patrick D\u00fcmpelfeld, Dr. Deniz Albayrak LL.M.<\/p><p>LEI number: 984500C5E505S07F1H35<br \/>D.U.N.S. 344401788<\/p><p><span style=\"font-weight: bolder; color: #212121; font-family: Georgia, serif; font-size: 18px;\">Responsible for the content according to \u00a7 55 para. 2 RStV:<\/span><br style=\"color: #212121; font-family: Georgia, serif; font-size: 18px;\" \/><span style=\"color: #212121; font-family: Georgia, serif; font-size: 18px;\">Dr. Deniz Albayrak<\/span><\/p><h2>Disclaimer<\/h2><h3>Content liability<\/h3><p>As a service provider, we are responsible for our own content on these pages in accordance with general legislation pursuant to Section 7 (1) of the German Telemedia Act (TMG). According to \u00a7\u00a7 8 to 10 TMG, however, we are not obligated as a service provider to monitor transmitted or stored third-party information or to investigate circumstances that indicate illegal activity. Obligations to remove or block the use of information under the general laws remain unaffected. However, liability in this regard is only possible from the point in time at which a concrete infringement of the law becomes known. If we become aware of any such infringements, we will remove this content immediately.<\/p><h3>Link liability<\/h3><p>Our offer contains links to external websites of third parties, on whose contents we have no influence. Therefore, we cannot assume any liability for these external contents. The respective provider or operator of the pages is always responsible for the content of the linked pages. The linked pages were checked for possible legal violations at the time of linking. Illegal content was not recognizable at the time of linking. However, permanent control of the contents of the linked pages is not reasonable without concrete evidence of a violation of the law. If we become aware of any infringements, we will remove such links immediately.<\/p><h3>Copyright<\/h3><p>The content and works created by the site operators on these pages are subject to German copyright law. The reproduction, editing, distribution and any kind of exploitation outside the limits of copyright require the written consent of the respective author or creator. Downloads and copies of this site are only permitted for private, non-commercial use. Insofar as the content on this site was not created by the operator, the copyrights of third parties are respected. In particular, third-party content is identified as such. Should you nevertheless become aware of a copyright infringement, please inform us accordingly. If we become aware of any infringements, we will remove such content immediately.<\/p>\t\t\t\t\t<\/div>\n\t\t\t\t\t\t<\/div>\n\t\t\t\t<\/div>\n\t\t\t\t\t\t<\/div>\n\t\t\t\t\t<\/div>\n\t\t<\/div>\n\t\t\t\t\t\t\t\t<\/div>\n\t\t\t\t\t<\/div>\n\t\t<\/section>\n\t\t\t\t\t\t\t\t\t<\/div>\n\t\t\t<\/div>\n\t\t\t\t\t<\/div>","protected":false},"excerpt":{"rendered":"<p>Rechtliches Gesetzliche Anbieterkennung D\u00fcmpelfeld &amp; Partners GmbH Niederrheinstra\u00dfe 14740474 D\u00fcsseldorf Telefon: +49 (0) 211 83 86 7900 E-Mail: office@duempelfeldpartners.comIntenet: www.duempelfeldpartners.com Amtsgericht D\u00fcsseldorf: HRB 99185USt. ID-Nr.: DE358060218Finanzamt: D\u00fcsseldorfGesch\u00e4ftsf\u00fchrer: Dr. Patrick D\u00fcmpelfeld, Dr. Deniz Albayrak LL.M. LEI number: 984500C5E505S07F1H35D.U.N.S. 344401788 Verantwortlich f\u00fcr den Inhalt nach \u00a7 55 Abs. 2 RStV:Dr. Deniz Albayrak Haftungsausschluss (Disclaimer) Haftung f\u00fcr Inhalte [&hellip;]<\/p>","protected":false},"author":1,"featured_media":0,"parent":0,"menu_order":0,"comment_status":"closed","ping_status":"closed","template":"","meta":{"content-type":"","om_disable_all_campaigns":false,"_monsterinsights_skip_tracking":false,"_monsterinsights_sitenote_active":false,"_monsterinsights_sitenote_note":"","_monsterinsights_sitenote_category":0,"footnotes":""},"class_list":["post-289","page","type-page","status-publish","hentry"],"yoast_head":"<!-- This site is optimized with the Yoast SEO plugin v19.8 - https:\/\/yoast.com\/wordpress\/plugins\/seo\/ -->\n<title>Impressum - D\u00fcmpelfeld &amp; Partners<\/title>\n<meta name=\"robots\" content=\"noindex, follow, max-snippet:-1, max-image-preview:large, max-video-preview:-1\" \/>\n<meta property=\"og:locale\" content=\"en_US\" \/>\n<meta property=\"og:type\" content=\"article\" \/>\n<meta property=\"og:title\" content=\"Impressum - D\u00fcmpelfeld &amp; Partners\" \/>\n<meta property=\"og:description\" content=\"Rechtliches Gesetzliche Anbieterkennung D\u00fcmpelfeld &amp; Partners GmbH Niederrheinstra\u00dfe 14740474 D\u00fcsseldorf Telefon: +49 (0) 211 83 86 7900 E-Mail: office@duempelfeldpartners.comIntenet: www.duempelfeldpartners.com Amtsgericht D\u00fcsseldorf: HRB 99185USt. ID-Nr.: DE358060218Finanzamt: D\u00fcsseldorfGesch\u00e4ftsf\u00fchrer: Dr. Patrick D\u00fcmpelfeld, Dr. Deniz Albayrak LL.M. LEI number: 984500C5E505S07F1H35D.U.N.S. 344401788 Verantwortlich f\u00fcr den Inhalt nach \u00a7 55 Abs. 2 RStV:Dr. Deniz Albayrak Haftungsausschluss (Disclaimer) Haftung f\u00fcr Inhalte [&hellip;]\" \/>\n<meta property=\"og:url\" content=\"https:\/\/xn--einkaufsberatung-dsseldorf-g0c.de\/en\/impressum\/\" \/>\n<meta property=\"og:site_name\" content=\"D\u00fcmpelfeld &amp; Partners\" \/>\n<meta property=\"article:publisher\" content=\"https:\/\/www.facebook.com\/DumpelfeldPartners\" \/>\n<meta property=\"article:modified_time\" content=\"2024-01-31T14:37:24+00:00\" \/>\n<meta name=\"twitter:card\" content=\"summary_large_image\" \/>\n<meta name=\"twitter:site\" content=\"@DuempelfeldPart\" \/>\n<meta name=\"twitter:label1\" content=\"Est. reading time\" \/>\n\t<meta name=\"twitter:data1\" content=\"2 minutes\" \/>\n<script type=\"application\/ld+json\" class=\"yoast-schema-graph\">{\"@context\":\"https:\/\/schema.org\",\"@graph\":[{\"@type\":\"WebPage\",\"@id\":\"https:\/\/xn--einkaufsberatung-dsseldorf-g0c.de\/impressum\/\",\"url\":\"https:\/\/xn--einkaufsberatung-dsseldorf-g0c.de\/impressum\/\",\"name\":\"Impressum - D\u00fcmpelfeld &amp; Partners\",\"isPartOf\":{\"@id\":\"https:\/\/xn--einkaufsberatung-dsseldorf-g0c.de\/#website\"},\"datePublished\":\"2022-10-06T07:38:08+00:00\",\"dateModified\":\"2024-01-31T14:37:24+00:00\",\"breadcrumb\":{\"@id\":\"https:\/\/xn--einkaufsberatung-dsseldorf-g0c.de\/impressum\/#breadcrumb\"},\"inLanguage\":\"en-US\",\"potentialAction\":[{\"@type\":\"ReadAction\",\"target\":[\"https:\/\/xn--einkaufsberatung-dsseldorf-g0c.de\/impressum\/\"]}]},{\"@type\":\"BreadcrumbList\",\"@id\":\"https:\/\/xn--einkaufsberatung-dsseldorf-g0c.de\/impressum\/#breadcrumb\",\"itemListElement\":[{\"@type\":\"ListItem\",\"position\":1,\"name\":\"Home\",\"item\":\"https:\/\/xn--einkaufsberatung-dsseldorf-g0c.de\/\"},{\"@type\":\"ListItem\",\"position\":2,\"name\":\"Impressum\"}]},{\"@type\":\"WebSite\",\"@id\":\"https:\/\/xn--einkaufsberatung-dsseldorf-g0c.de\/#website\",\"url\":\"https:\/\/xn--einkaufsberatung-dsseldorf-g0c.de\/\",\"name\":\"D\u00fcmpelfeld &amp; Partners\",\"description\":\"leaders in procurement\",\"publisher\":{\"@id\":\"https:\/\/xn--einkaufsberatung-dsseldorf-g0c.de\/#organization\"},\"potentialAction\":[{\"@type\":\"SearchAction\",\"target\":{\"@type\":\"EntryPoint\",\"urlTemplate\":\"https:\/\/xn--einkaufsberatung-dsseldorf-g0c.de\/?s={search_term_string}\"},\"query-input\":\"required name=search_term_string\"}],\"inLanguage\":\"en-US\"},{\"@type\":\"Organization\",\"@id\":\"https:\/\/xn--einkaufsberatung-dsseldorf-g0c.de\/#organization\",\"name\":\"D\u00fcmpelfeld &amp; Partners\",\"url\":\"https:\/\/xn--einkaufsberatung-dsseldorf-g0c.de\/\",\"sameAs\":[\"https:\/\/www.facebook.com\/DumpelfeldPartners\",\"https:\/\/twitter.com\/DuempelfeldPart\"],\"logo\":{\"@type\":\"ImageObject\",\"inLanguage\":\"en-US\",\"@id\":\"https:\/\/xn--einkaufsberatung-dsseldorf-g0c.de\/#\/schema\/logo\/image\/\",\"url\":\"https:\/\/xn--einkaufsberatung-dsseldorf-g0c.de\/wp-content\/uploads\/2022\/11\/dp_logo.svg\",\"contentUrl\":\"https:\/\/xn--einkaufsberatung-dsseldorf-g0c.de\/wp-content\/uploads\/2022\/11\/dp_logo.svg\",\"width\":964.3200000000000500222085975110530853271484375,\"height\":77.7600000000000051159076974727213382720947265625,\"caption\":\"D\u00fcmpelfeld &amp; Partners\"},\"image\":{\"@id\":\"https:\/\/xn--einkaufsberatung-dsseldorf-g0c.de\/#\/schema\/logo\/image\/\"}}]}<\/script>\n<!-- \/ Yoast SEO plugin. -->","yoast_head_json":{"title":"Impressum - D\u00fcmpelfeld &amp; Partners","robots":{"index":"noindex","follow":"follow","max-snippet":"max-snippet:-1","max-image-preview":"max-image-preview:large","max-video-preview":"max-video-preview:-1"},"og_locale":"en_US","og_type":"article","og_title":"Impressum - D\u00fcmpelfeld &amp; Partners","og_description":"Rechtliches Gesetzliche Anbieterkennung D\u00fcmpelfeld &amp; Partners GmbH Niederrheinstra\u00dfe 14740474 D\u00fcsseldorf Telefon: +49 (0) 211 83 86 7900 E-Mail: office@duempelfeldpartners.comIntenet: www.duempelfeldpartners.com Amtsgericht D\u00fcsseldorf: HRB 99185USt. ID-Nr.: DE358060218Finanzamt: D\u00fcsseldorfGesch\u00e4ftsf\u00fchrer: Dr. Patrick D\u00fcmpelfeld, Dr. Deniz Albayrak LL.M. LEI number: 984500C5E505S07F1H35D.U.N.S. 344401788 Verantwortlich f\u00fcr den Inhalt nach \u00a7 55 Abs. 2 RStV:Dr. Deniz Albayrak Haftungsausschluss (Disclaimer) Haftung f\u00fcr Inhalte [&hellip;]","og_url":"https:\/\/xn--einkaufsberatung-dsseldorf-g0c.de\/en\/impressum\/","og_site_name":"D\u00fcmpelfeld &amp; Partners","article_publisher":"https:\/\/www.facebook.com\/DumpelfeldPartners","article_modified_time":"2024-01-31T14:37:24+00:00","twitter_card":"summary_large_image","twitter_site":"@DuempelfeldPart","twitter_misc":{"Est. reading time":"2 minutes"},"schema":{"@context":"https:\/\/schema.org","@graph":[{"@type":"WebPage","@id":"https:\/\/xn--einkaufsberatung-dsseldorf-g0c.de\/impressum\/","url":"https:\/\/xn--einkaufsberatung-dsseldorf-g0c.de\/impressum\/","name":"Impressum - D\u00fcmpelfeld &amp; Partners","isPartOf":{"@id":"https:\/\/xn--einkaufsberatung-dsseldorf-g0c.de\/#website"},"datePublished":"2022-10-06T07:38:08+00:00","dateModified":"2024-01-31T14:37:24+00:00","breadcrumb":{"@id":"https:\/\/xn--einkaufsberatung-dsseldorf-g0c.de\/impressum\/#breadcrumb"},"inLanguage":"en-US","potentialAction":[{"@type":"ReadAction","target":["https:\/\/xn--einkaufsberatung-dsseldorf-g0c.de\/impressum\/"]}]},{"@type":"BreadcrumbList","@id":"https:\/\/xn--einkaufsberatung-dsseldorf-g0c.de\/impressum\/#breadcrumb","itemListElement":[{"@type":"ListItem","position":1,"name":"Home","item":"https:\/\/xn--einkaufsberatung-dsseldorf-g0c.de\/"},{"@type":"ListItem","position":2,"name":"Impressum"}]},{"@type":"WebSite","@id":"https:\/\/xn--einkaufsberatung-dsseldorf-g0c.de\/#website","url":"https:\/\/xn--einkaufsberatung-dsseldorf-g0c.de\/","name":"D\u00fcmpelfeld &amp; Partners","description":"leaders in procurement","publisher":{"@id":"https:\/\/xn--einkaufsberatung-dsseldorf-g0c.de\/#organization"},"potentialAction":[{"@type":"SearchAction","target":{"@type":"EntryPoint","urlTemplate":"https:\/\/xn--einkaufsberatung-dsseldorf-g0c.de\/?s={search_term_string}"},"query-input":"required name=search_term_string"}],"inLanguage":"en-US"},{"@type":"Organization","@id":"https:\/\/xn--einkaufsberatung-dsseldorf-g0c.de\/#organization","name":"D\u00fcmpelfeld &amp; Partners","url":"https:\/\/xn--einkaufsberatung-dsseldorf-g0c.de\/","sameAs":["https:\/\/www.facebook.com\/DumpelfeldPartners","https:\/\/twitter.com\/DuempelfeldPart"],"logo":{"@type":"ImageObject","inLanguage":"en-US","@id":"https:\/\/xn--einkaufsberatung-dsseldorf-g0c.de\/#\/schema\/logo\/image\/","url":"https:\/\/xn--einkaufsberatung-dsseldorf-g0c.de\/wp-content\/uploads\/2022\/11\/dp_logo.svg","contentUrl":"https:\/\/xn--einkaufsberatung-dsseldorf-g0c.de\/wp-content\/uploads\/2022\/11\/dp_logo.svg","width":964.3200000000000500222085975110530853271484375,"height":77.7600000000000051159076974727213382720947265625,"caption":"D\u00fcmpelfeld &amp; Partners"},"image":{"@id":"https:\/\/xn--einkaufsberatung-dsseldorf-g0c.de\/#\/schema\/logo\/image\/"}}]}},"_links":{"self":[{"href":"https:\/\/xn--einkaufsberatung-dsseldorf-g0c.de\/en\/wp-json\/wp\/v2\/pages\/289","targetHints":{"allow":["GET"]}}],"collection":[{"href":"https:\/\/xn--einkaufsberatung-dsseldorf-g0c.de\/en\/wp-json\/wp\/v2\/pages"}],"about":[{"href":"https:\/\/xn--einkaufsberatung-dsseldorf-g0c.de\/en\/wp-json\/wp\/v2\/types\/page"}],"author":[{"embeddable":true,"href":"https:\/\/xn--einkaufsberatung-dsseldorf-g0c.de\/en\/wp-json\/wp\/v2\/users\/1"}],"replies":[{"embeddable":true,"href":"https:\/\/xn--einkaufsberatung-dsseldorf-g0c.de\/en\/wp-json\/wp\/v2\/comments?post=289"}],"version-history":[{"count":46,"href":"https:\/\/xn--einkaufsberatung-dsseldorf-g0c.de\/en\/wp-json\/wp\/v2\/pages\/289\/revisions"}],"predecessor-version":[{"id":5695,"href":"https:\/\/xn--einkaufsberatung-dsseldorf-g0c.de\/en\/wp-json\/wp\/v2\/pages\/289\/revisions\/5695"}],"wp:attachment":[{"href":"https:\/\/xn--einkaufsberatung-dsseldorf-g0c.de\/en\/wp-json\/wp\/v2\/media?parent=289"}],"curies":[{"name":"wp","href":"https:\/\/api.w.org\/{rel}","templated":true}]}}